{"id":27323,"date":"2024-09-05T15:08:05","date_gmt":"2024-09-05T13:08:05","guid":{"rendered":"https:\/\/toothdent.com\/politica-de-privadesa\/"},"modified":"2025-01-13T11:41:35","modified_gmt":"2025-01-13T10:41:35","slug":"politica-de-privadesa","status":"publish","type":"page","link":"https:\/\/toothdent.com\/ca\/politica-de-privadesa\/","title":{"rendered":"Pol\u00edtica de Privadesa"},"content":{"rendered":"\t\t<div data-elementor-type=\"wp-page\" data-elementor-id=\"27323\" class=\"elementor elementor-27323 elementor-27243\">\n\t\t\t\t\t\t<section class=\"elementor-section elementor-top-section elementor-element elementor-element-ec3f8d4 elementor-section-boxed elementor-section-height-default elementor-section-height-default sc_fly_static\" data-id=\"ec3f8d4\" data-element_type=\"section\">\n\t\t\t\t\t\t<div class=\"elementor-container elementor-column-gap-extended\">\n\t\t\t\t\t<div class=\"elementor-column elementor-col-100 elementor-top-column elementor-element elementor-element-1cca955 sc_inner_width_none sc_content_align_inherit sc_layouts_column_icons_position_left sc_fly_static\" data-id=\"1cca955\" data-element_type=\"column\">\n\t\t\t<div class=\"elementor-widget-wrap\">\n\t\t\t\t\t\t\t<\/div>\n\t\t<\/div>\n\t\t\t\t\t<\/div>\n\t\t<\/section>\n\t\t\t\t<section class=\"elementor-section elementor-top-section elementor-element elementor-element-9af2dd1 elementor-section-boxed elementor-section-height-default elementor-section-height-default sc_fly_static\" data-id=\"9af2dd1\" data-element_type=\"section\">\n\t\t\t\t\t\t<div class=\"elementor-container elementor-column-gap-extended\">\n\t\t\t\t\t<div class=\"elementor-column elementor-col-100 elementor-top-column elementor-element elementor-element-3a3717b sc_inner_width_none sc_content_align_inherit sc_layouts_column_icons_position_left sc_fly_static\" data-id=\"3a3717b\" data-element_type=\"column\">\n\t\t\t<div class=\"elementor-widget-wrap elementor-element-populated\">\n\t\t\t\t\t\t<div class=\"elementor-element elementor-element-f14d10a sc_fly_static elementor-widget elementor-widget-text-editor\" data-id=\"f14d10a\" data-element_type=\"widget\" data-widget_type=\"text-editor.default\">\n\t\t\t\t<div class=\"elementor-widget-container\">\n\t\t\t\t\t\t\t<h2>1. Responsable<\/h2>\n<h3>A. Dades de contacte del Responsable<\/h3>\n<p>El responsable de les dades recollides mitjan\u00e7ant aquesta web \u00e9s ESPINOZA DENTAL BCN, S.L.P. amb adre\u00e7a C\/ CALABRIA No29 BAIXOS, 08015, BARCELONA ( BARCELONA) I CIF B66616939. Vost\u00e8 podr\u00e0 contactar amb el responsable mitjan\u00e7ant el seg\u00fcent Email toothdent.calabria@gmail.com o al tel\u00e8fon 695022052<\/p>\n<h3>B. Identitat i dades de contacte del representant<\/h3>\n<p>JAQUELIN ELGA ESPINOZA GUTIERREZ<\/p>\n<h2>2. Finalitat<\/h2>\n<h3>A. Descripci\u00f3 ampliada dels fins del tractament<\/h3>\n<p>Publicitat i prospecci\u00f3 comercial<br \/>Gesti\u00f3 de sol\u00b7licituds<\/p>\n<h3>B. Terminis o criteris de conservaci\u00f3 de les dades<\/h3>\n<p>Conservarem les dades durant el temps que sigui necessari per atendre la sol\u00b7licitud i complir<br \/>amb les obligacions legals exigides.<\/p>\n<p>Les dades que vost\u00e8 ens ha facilitat seran conservades mentre siguin necess\u00e0ries per a les finalitats indicades al punt 2.A., o tamb\u00e9 seran emmagatzemades pel temps exigit per diferents legislacions aplicables.<\/p>\n<h3>C. Decisions automatitzades, perfils i l\u00f2gica aplicada<\/h3>\n<p>Les dades recollides mitjan\u00e7ant la p\u00e0gina web no seran utilitzades per prendre decisions automatitzades.<\/p>\n<h2>3. Legitimaci\u00f3<\/h2>\n<h3>A. Legislaci\u00f3 aplicable<\/h3>\n<p>La legislaci\u00f3 aplicada \u00e9s el Reglament General de Protecci\u00f3 de Dades 2016\/679 de 27 d&#8217;abril del 2016 aix\u00ed com la Llei Org\u00e0nica 3\/2018, de 5 de desembre, de Protecci\u00f3 de Dades Personals i garantia dels drets digitals.<\/p>\n<h3>B. Detalls de la base jur\u00eddica del tractament, en els casos d&#8217;obligaci\u00f3 legal, inter\u00e8s p\u00fablic o inter\u00e8s p\u00fablic o inter\u00e8s leg\u00edtim<\/h3>\n<p>Art. 6, apartat 1 lletra a. Que considera el consentiment de linteressat com una base leg\u00edtima per al tractament de dades personals contingudes en aquest fitxer.<\/p>\n<h3>C. Obligaci\u00f3 o no de facilitar dades i conseq\u00fc\u00e8ncies de no fer-ho<\/h3>\n<p>No est\u00e0 obligat a facilitar-nos les dades, per\u00f2, ser\u00e0 necessari per poder gestionar els suggeriments o les peticions que necessiti fer-nos mitjan\u00e7ant la p\u00e0gina web.<\/p>\n<h2>4. Destinataris<\/h2>\n<h3>A. Destinataris<\/h3>\n<p>Organitzacions o persones directament relacionades amb l&#8217;empresa, Administraci\u00f3 p\u00fablica amb compet\u00e8ncia en la mat\u00e8ria<\/p>\n<h3>B. Destinataris espec\u00edfics<\/h3>\n<p>No existeixen<\/p>\n<h3>C. Decisions dadequaci\u00f3, garanties, normes corporatives vinculants o situacions espec\u00edfiques aplicables<\/h3>\n<p>No n&#8217;hi ha.<\/p>\n<h3>D. Transfer\u00e8ncies internacionals<\/h3>\n<p>No existeixen<\/p>\n<h2>5. Drets<\/h2>\n<h3>A. Com exercir els drets d&#8217;acc\u00e9s, rectificaci\u00f3, supressi\u00f3 i portabilitat de les vostres dades, i la limitaci\u00f3 o oposici\u00f3 al tractament<\/h3>\n<p>L&#8217;interessat podr\u00e0 con\u00e8ixer, modificar, o eliminar les dades que l&#8217;empresa posse\u00efsca sobre la seva persona mitjan\u00e7ant correu electr\u00f2nic facilitant el seu DNI o b\u00e9 per correu postal al c\/ CAL\u00c0BRIA No29 BAIXOS, 08015, BARCELONA ( BARCELONA). L&#8217;interessat podr\u00e0 transferir les vostres dades a una altra entitat o b\u00e9 limitar les ja existents que l&#8217;empresa posse\u00efsca sobre la vostra persona mitjan\u00e7ant correu electr\u00f2nic, facilitant el vostre DNI o b\u00e9 per correu postal al c\/ CAL\u00c0BRIA No29 BAIXOS, 08015, BARCELONA ( BARCELONA).<\/p>\n<h3>B. Dret a retirar el Consentiment prestat<\/h3>\n<p>L&#8217;interessat podr\u00e0 retirar les dades que l&#8217;empresa posseeix sobre la seva persona mitjan\u00e7ant correu electr\u00f2nic facilitant el DNI o b\u00e9 per correu postal al c\/ CAL\u00c0BRIA No29 BAIXOS, 08015, BARCELONA ( BARCELONA).<\/p>\n<h3>C. Dret a reclamar davant de l&#8217;Autoritat de Control<\/h3>\n<p>L&#8217;interessat podr\u00e0 reclamar davant l&#8217;Ag\u00e8ncia Espanyola de Protecci\u00f3 de Dades sobre qualsevol incid\u00e8ncia que pugui sorgir-lo.<\/p>\n<h2>6. Proced\u00e8ncia<\/h2>\n<h3>A. Informaci\u00f3 detallada de l&#8217;origen de les dades<\/h3>\n<p>Facilitats pel propi interessat<\/p>\n<h3>B. Categories de dades que es tracten<\/h3>\n<p>Nom i Cognoms<br \/>Imatge<br \/>Tel\u00e8fon<br \/>Email<\/p>\n\t\t\t\t\t\t<\/div>\n\t\t\t\t<\/div>\n\t\t\t\t\t<\/div>\n\t\t<\/div>\n\t\t\t\t\t<\/div>\n\t\t<\/section>\n\t\t\t\t<\/div>\n\t\t","protected":false},"excerpt":{"rendered":"<p>1. Responsable A. Dades de contacte del Responsable El responsable de les dades recollides mitjan\u00e7ant aquesta web \u00e9s ESPINOZA DENTAL BCN, S.L.P. amb adre\u00e7a C\/ CALABRIA No29 BAIXOS, 08015, BARCELONA&hellip;<\/p>\n","protected":false},"author":1,"featured_media":0,"parent":0,"menu_order":0,"comment_status":"closed","ping_status":"closed","template":"","meta":{"footnotes":""},"class_list":["post-27323","page","type-page","status-publish","hentry"],"_links":{"self":[{"href":"https:\/\/toothdent.com\/ca\/wp-json\/wp\/v2\/pages\/27323","targetHints":{"allow":["GET"]}}],"collection":[{"href":"https:\/\/toothdent.com\/ca\/wp-json\/wp\/v2\/pages"}],"about":[{"href":"https:\/\/toothdent.com\/ca\/wp-json\/wp\/v2\/types\/page"}],"author":[{"embeddable":true,"href":"https:\/\/toothdent.com\/ca\/wp-json\/wp\/v2\/users\/1"}],"replies":[{"embeddable":true,"href":"https:\/\/toothdent.com\/ca\/wp-json\/wp\/v2\/comments?post=27323"}],"version-history":[{"count":1,"href":"https:\/\/toothdent.com\/ca\/wp-json\/wp\/v2\/pages\/27323\/revisions"}],"predecessor-version":[{"id":27324,"href":"https:\/\/toothdent.com\/ca\/wp-json\/wp\/v2\/pages\/27323\/revisions\/27324"}],"wp:attachment":[{"href":"https:\/\/toothdent.com\/ca\/wp-json\/wp\/v2\/media?parent=27323"}],"curies":[{"name":"wp","href":"https:\/\/api.w.org\/{rel}","templated":true}]}}